{"id":43,"date":"2015-10-12T07:26:11","date_gmt":"2015-10-12T07:26:11","guid":{"rendered":"http:\/\/metallinnung-gt.de\/web\/?page_id=43"},"modified":"2025-11-04T12:13:53","modified_gmt":"2025-11-04T12:13:53","slug":"unsere-innung","status":"publish","type":"page","link":"https:\/\/metallinnung-gt.de\/web\/unsere-innung\/","title":{"rendered":"Unsere Innung"},"content":{"rendered":"\n<p><b>Die Innungsbetriebe der Innung des Metallhandwerks G\u00fctersloh b\u00fcrgen f\u00fcr handwerkliche Qualit\u00e4t.&nbsp;<\/b><\/p>\n\n\n\n<p><b><i>Wenden&nbsp;Sie sich also vertrauensvoll an einen&nbsp;Innungs-Fachbetrieb! <\/i><\/b><em><strong>Er steht f\u00fcr:<\/strong><\/em><\/p>\n\n\n\n<ul class=\"wp-block-list\">\n<li>Qualit\u00e4t und Leistungsst\u00e4rke<\/li>\n\n\n\n<li>Individualit\u00e4t und Innovation<\/li>\n\n\n\n<li>Soziale Verantwortung und regionales Engagement<\/li>\n<\/ul>\n\n\n\n<p>Gehen Sie also nicht zu irgendwem, sondern zu einem Fachbetrieb unserer Innung&nbsp;<span style=\"color: #ff0000;\"><a style=\"color: #ff0000;\" href=\"https:\/\/metallinnung-gt.de\/web\/betriebssuche\/\" target=\"_blank\">in Ihrer n\u00e4heren Umgebung<\/a><\/span>\u2013 auch dann, wenn Sie nur einen Rat oder eine Auskunft wollen.<\/p>\n\n\n\n<ul class=\"wp-block-list\">\n<li class=\"has-medium-font-size\" style=\"font-style:normal;font-weight:600;text-decoration:underline\"><a href=\"https:\/\/kh-gt-bi.de\/innungen\/innungen-von-a-z\/innung-detailseite\/innung-des-metallhandwerks-guetersloh\/#vorstand\" target=\"_blank\" rel=\"noreferrer noopener\">Unser Vorstand<\/a><\/li>\n\n\n\n<li class=\"has-medium-font-size\" style=\"font-style:normal;font-weight:600;text-decoration:underline\"><a href=\"https:\/\/kh-gt-bi.de\/innungen\/innungen-von-a-z\/innung-detailseite\/innung-des-metallhandwerks-guetersloh\/#mitgliedbetriebe\" target=\"_blank\" rel=\"noreferrer noopener\">Unsere Mitgliedsbetriebe<\/a><\/li>\n<\/ul>\n\n\n\n<p><\/p>\n","protected":false},"excerpt":{"rendered":"<p>Die Innungsbetriebe der Innung des Metallhandwerks G\u00fctersloh b\u00fcrgen f\u00fcr handwerkliche Qualit\u00e4t.&nbsp; Wenden&nbsp;Sie sich also vertrauensvoll an einen&nbsp;Innungs-Fachbetrieb! Er steht f\u00fcr: Gehen Sie also nicht zu irgendwem, sondern zu einem Fachbetrieb unserer Innung&nbsp;in Ihrer n\u00e4heren Umgebung\u2013 auch dann, wenn Sie nur einen Rat oder eine Auskunft wollen.<\/p>\n","protected":false},"author":1,"featured_media":0,"parent":0,"menu_order":0,"comment_status":"closed","ping_status":"closed","template":"","meta":{"footnotes":""},"class_list":["post-43","page","type-page","status-publish","hentry"],"_links":{"self":[{"href":"https:\/\/metallinnung-gt.de\/web\/wp-json\/wp\/v2\/pages\/43","targetHints":{"allow":["GET"]}}],"collection":[{"href":"https:\/\/metallinnung-gt.de\/web\/wp-json\/wp\/v2\/pages"}],"about":[{"href":"https:\/\/metallinnung-gt.de\/web\/wp-json\/wp\/v2\/types\/page"}],"author":[{"embeddable":true,"href":"https:\/\/metallinnung-gt.de\/web\/wp-json\/wp\/v2\/users\/1"}],"replies":[{"embeddable":true,"href":"https:\/\/metallinnung-gt.de\/web\/wp-json\/wp\/v2\/comments?post=43"}],"version-history":[{"count":7,"href":"https:\/\/metallinnung-gt.de\/web\/wp-json\/wp\/v2\/pages\/43\/revisions"}],"predecessor-version":[{"id":894,"href":"https:\/\/metallinnung-gt.de\/web\/wp-json\/wp\/v2\/pages\/43\/revisions\/894"}],"wp:attachment":[{"href":"https:\/\/metallinnung-gt.de\/web\/wp-json\/wp\/v2\/media?parent=43"}],"curies":[{"name":"wp","href":"https:\/\/api.w.org\/{rel}","templated":true}]}}