{"id":41,"date":"2015-10-12T07:23:34","date_gmt":"2015-10-12T07:23:34","guid":{"rendered":"http:\/\/metallinnung-gt.de\/web\/?page_id=41"},"modified":"2015-10-12T07:23:34","modified_gmt":"2015-10-12T07:23:34","slug":"unser-handwerk-fuer-ihr-privates-haus","status":"publish","type":"page","link":"https:\/\/metallinnung-gt.de\/web\/unser-handwerk-fuer-ihr-privates-haus\/","title":{"rendered":"Unser Handwerk f\u00fcr Ihr privates Haus"},"content":{"rendered":"<p><strong>Ihre Wohn- und Gewerbegeb\u00e4ude &#8211; sch\u00f6ner, sicherer, wertvoller\u00a0<\/strong><\/p>\n<p><span class=\"textnorm\">Das Metallhandwerk ist Ihr richtiger Partner mit den Fachbetrieben der<br \/>\nKonstruktionstechnik \/ Metallbau \/ Stahlbau:<\/span><\/p>\n<p>Modernes Bauen war noch nie so attraktiv wie heute. Interessant gegliederte Fassaden, gro\u00dfz\u00fcgig verglaste Eingangsportale\u00a0 in Pfosten- und Riegelbauweise, Sonderkonstruktionen und Vord\u00e4cher, Glasdachkonstruktionen \u00a0sind Glanzst\u00fccke moderner Architektur. Glas und Metall verleihen einem Geb\u00e4ude Anspruch und Modernit\u00e4t.<\/p>\n<p>Die Einsatzm\u00f6glichkeiten sind nahezu unbegrenzt und aus dem zeitgem\u00e4\u00dfen Privathaus und Gewerbebau nicht mehr wegzudenken. Diese anspruchsvollen Ideen sind vor allem konstruktive Herausforderungen, die nur von Spezialisten erf\u00fcllt werden k\u00f6nnen, die den sicheren Umgang mit Aluminium, Stahl, Edelstahl und Glas ebenso beherrschen wie ihre Planung und Konstruktion.<\/p>\n<p><strong>Metallbau und Metallgestaltung &#8211; Schwerpunkte sind hierbei unter anderem:<\/strong><\/p>\n<p>\u2022 Stahl-, Glas- und Metallbau, Metallgestaltung<br \/>\n\u2022 Herstellung von Fenstern, Tor- und T\u00fcranlagen,<br \/>\n\u2022 Dach-, und Wandverkleidungen, Fassadensysteme,<br \/>\n\u2022 Treppen und Gel\u00e4nder<br \/>\n\u2022 Kunstschmiedarbeiten<br \/>\n\u2022 Balkone<br \/>\n\u2022 \u00dcberdachungen, Vord\u00e4cher und Gel\u00e4nder<br \/>\n\u2022 Winterg\u00e4rten<br \/>\n\u2022 Herstellung von Umform- und Schmiedeteilen,<br \/>\n\u2022 Personen- und Lastenaufz\u00fcge<br \/>\n\u2022 Edelstahlkonstruktionen und Blechverarbeitung<br \/>\n\u2022 Schlie\u00df- und Sicherungstechnik,<br \/>\n\u2022 Sonderkonstruktionen, Sonderanfertigungen<\/p>\n<p><strong>Schlie\u00df- und Sicherungstechnik:<\/strong><\/p>\n<p>Wir sorgen f\u00fcr Ihr sicheres Haus: Die Schlie\u00df- und Sicherheitstechnik hat sich zu einem wichtigen Spezialgebiet innerhalb des Metallhandwerks entwickelt. Innovative Technik, fachm\u00e4nnisches Know-how und kontinuierliche Aus- und Fortbildung.\u00a0Garantiert sind damit:<br \/>\n\u2022\u00a0<b>fachgerechte Beratung\u00a0<\/b><br \/>\n\u2022\u00a0<b>funktionssichere Installation,<\/b><br \/>\n\u2022\u00a0<b>Wartung und Reparatur\u00a0<\/b><br \/>\n\u2022\u00a0<b>Einhaltung geltender Vorschriften und Normen<\/b><\/p>\n","protected":false},"excerpt":{"rendered":"<p>Ihre Wohn- und Gewerbegeb\u00e4ude &#8211; sch\u00f6ner, sicherer, wertvoller\u00a0 Das Metallhandwerk ist Ihr richtiger Partner mit den Fachbetrieben der Konstruktionstechnik \/ Metallbau \/ Stahlbau: Modernes Bauen war noch nie so attraktiv wie heute. Interessant gegliederte Fassaden, gro\u00dfz\u00fcgig verglaste Eingangsportale\u00a0 in Pfosten- und Riegelbauweise, Sonderkonstruktionen und Vord\u00e4cher, Glasdachkonstruktionen \u00a0sind Glanzst\u00fccke moderner Architektur. Glas und Metall verleihen einem [&hellip;]<\/p>\n","protected":false},"author":1,"featured_media":0,"parent":0,"menu_order":0,"comment_status":"closed","ping_status":"closed","template":"","meta":{"footnotes":""},"class_list":["post-41","page","type-page","status-publish","hentry"],"_links":{"self":[{"href":"https:\/\/metallinnung-gt.de\/web\/wp-json\/wp\/v2\/pages\/41","targetHints":{"allow":["GET"]}}],"collection":[{"href":"https:\/\/metallinnung-gt.de\/web\/wp-json\/wp\/v2\/pages"}],"about":[{"href":"https:\/\/metallinnung-gt.de\/web\/wp-json\/wp\/v2\/types\/page"}],"author":[{"embeddable":true,"href":"https:\/\/metallinnung-gt.de\/web\/wp-json\/wp\/v2\/users\/1"}],"replies":[{"embeddable":true,"href":"https:\/\/metallinnung-gt.de\/web\/wp-json\/wp\/v2\/comments?post=41"}],"version-history":[{"count":1,"href":"https:\/\/metallinnung-gt.de\/web\/wp-json\/wp\/v2\/pages\/41\/revisions"}],"predecessor-version":[{"id":42,"href":"https:\/\/metallinnung-gt.de\/web\/wp-json\/wp\/v2\/pages\/41\/revisions\/42"}],"wp:attachment":[{"href":"https:\/\/metallinnung-gt.de\/web\/wp-json\/wp\/v2\/media?parent=41"}],"curies":[{"name":"wp","href":"https:\/\/api.w.org\/{rel}","templated":true}]}}