{"id":28,"date":"2015-10-12T07:19:28","date_gmt":"2015-10-12T07:19:28","guid":{"rendered":"http:\/\/metallinnung-gt.de\/web\/?page_id=28"},"modified":"2025-11-04T12:05:12","modified_gmt":"2025-11-04T12:05:12","slug":"ausbildung","status":"publish","type":"page","link":"https:\/\/metallinnung-gt.de\/web\/ausbildung\/","title":{"rendered":"Ausbildung"},"content":{"rendered":"\n<figure class=\"wp-block-image\"><img loading=\"lazy\" decoding=\"async\" width=\"900\" height=\"600\" src=\"https:\/\/metallinnung-gt.de\/web\/wp-content\/uploads\/2015\/10\/slideneu4-900x600.jpg\" alt=\"slideneu4\" class=\"wp-image-11\" srcset=\"https:\/\/metallinnung-gt.de\/web\/wp-content\/uploads\/2015\/10\/slideneu4-900x600.jpg 900w, https:\/\/metallinnung-gt.de\/web\/wp-content\/uploads\/2015\/10\/slideneu4-1280x853.jpg 1280w, https:\/\/metallinnung-gt.de\/web\/wp-content\/uploads\/2015\/10\/slideneu4-525x350.jpg 525w, https:\/\/metallinnung-gt.de\/web\/wp-content\/uploads\/2015\/10\/slideneu4.jpg 1500w\" sizes=\"auto, (max-width: 900px) 100vw, 900px\" \/><\/figure>\n\n\n\n<p><\/p>\n\n\n\n<p><strong>Generation M &#8211; Ausbildung im Metallhandwerk<\/strong><\/p>\n\n\n\n<p>Metallhandwerk? Das ist mehr als s\u00e4gen, schwei\u00dfen, schrauben &#8211; das ist Abwechslung, M\u00f6glichkeit, moderne Technik, Kreativit\u00e4t und Innovation. Automobil- oder Luft- und Raumfahrtindustrie, F\u00f6rder- und Medizintechnik, Biotechnologie sowie Transport- und Verkehrswesen: In vielen Bereichen geht nichts ohne das Metallhandwerk.<\/p>\n\n\n\n<p>Und das hat es in sich: vielseitige Berufe, vielf\u00e4ltige Chancen, viel Entwicklungsspielraum. In der Feinwerkmechanik, im Metallbau und Metallguss gibt es die verschiedensten Berufsfelder. Langweilig wird es nicht: Denn Handwerk und modernste Technologie erg\u00e4nzen sich perfekt.<\/p>\n\n\n\n<figure class=\"wp-block-image size-large\"><a href=\"https:\/\/www.starte-ausbildung.de\" target=\"_blank\" rel=\" noreferrer noopener\"><img loading=\"lazy\" decoding=\"async\" width=\"1280\" height=\"926\" src=\"https:\/\/metallinnung-gt.de\/web\/wp-content\/uploads\/2025\/11\/Banner-Homepages-1280x926.jpg\" alt=\"\" class=\"wp-image-882\" srcset=\"https:\/\/metallinnung-gt.de\/web\/wp-content\/uploads\/2025\/11\/Banner-Homepages-1280x926.jpg 1280w, https:\/\/metallinnung-gt.de\/web\/wp-content\/uploads\/2025\/11\/Banner-Homepages-900x651.jpg 900w, https:\/\/metallinnung-gt.de\/web\/wp-content\/uploads\/2025\/11\/Banner-Homepages-768x556.jpg 768w, https:\/\/metallinnung-gt.de\/web\/wp-content\/uploads\/2025\/11\/Banner-Homepages-800x579.jpg 800w, https:\/\/metallinnung-gt.de\/web\/wp-content\/uploads\/2025\/11\/Banner-Homepages-505x365.jpg 505w, https:\/\/metallinnung-gt.de\/web\/wp-content\/uploads\/2025\/11\/Banner-Homepages.jpg 1500w\" sizes=\"auto, (max-width: 1280px) 100vw, 1280px\" \/><\/a><\/figure>\n\n\n\n<p>Hier findest Du den Ausbildungsplatz, der zu Dir passt:<strong> <a href=\"https:\/\/www.starte-ausbildung.de\" target=\"_blank\" rel=\"noreferrer noopener\">www.starte-ausbildung.de<\/a><\/strong><\/p>\n\n\n\n<p><strong>Handwerk und modernste Technologie<\/strong><\/p>\n\n\n\n<p>Das Metallhandwerk eine zukunftssichere Ausbildung in kleinen und mittleren Betrieben &#8211; in guter Atmosph\u00e4re. Das bedeutet eine qualifizierte Ausbildung, intensive Betreuung und direkte Einbindung in den Alltag der Betriebe.<\/p>\n\n\n\n<p>Ein \u00fcberzeugender&nbsp;Weg in eine aussichtsreiche Zukunft: Aufstrebende Berufsanf\u00e4nger k\u00f6nnen sich auf sichere Arbeitspl\u00e4tze und beste Aufstiegschancen freuen. Es gibt unendliche viele M\u00f6glichkeiten!<br>F\u00fcr weitere Informationen empfehlen wir folgende Webseiten:<br>\u2022&nbsp;<span style=\"color: #ff0000;\"><a style=\"color: #ff0000;\" href=\"http:\/\/www.metallnachwuchs.de\/\" target=\"_blank\" rel=\"noopener\">www.metallnachwuchs.de<\/a><\/span><br>\u2022&nbsp;<span style=\"color: #ff0000;\"><a style=\"color: #ff0000;\" href=\"http:\/\/www.metallhandwerk.de\/\" target=\"_blank\" rel=\"noopener\">www.metallhandwerk.de<\/a><\/span><br>\u2022&nbsp;<span style=\"color: #ff0000;\"><a style=\"color: #ff0000;\" href=\"http:\/\/www.metallbaupraxis.de\/\" target=\"_blank\" rel=\"noopener\">www.metallbaupraxis.de<\/a><\/span>&nbsp;<\/p>\n\n\n\n<p><\/p>\n","protected":false},"excerpt":{"rendered":"<p>Generation M &#8211; Ausbildung im Metallhandwerk Metallhandwerk? Das ist mehr als s\u00e4gen, schwei\u00dfen, schrauben &#8211; das ist Abwechslung, M\u00f6glichkeit, moderne Technik, Kreativit\u00e4t und Innovation. Automobil- oder Luft- und Raumfahrtindustrie, F\u00f6rder- und Medizintechnik, Biotechnologie sowie Transport- und Verkehrswesen: In vielen Bereichen geht nichts ohne das Metallhandwerk. Und das hat es in sich: vielseitige Berufe, vielf\u00e4ltige Chancen, [&hellip;]<\/p>\n","protected":false},"author":1,"featured_media":0,"parent":0,"menu_order":0,"comment_status":"closed","ping_status":"closed","template":"","meta":{"footnotes":""},"class_list":["post-28","page","type-page","status-publish","hentry"],"_links":{"self":[{"href":"https:\/\/metallinnung-gt.de\/web\/wp-json\/wp\/v2\/pages\/28","targetHints":{"allow":["GET"]}}],"collection":[{"href":"https:\/\/metallinnung-gt.de\/web\/wp-json\/wp\/v2\/pages"}],"about":[{"href":"https:\/\/metallinnung-gt.de\/web\/wp-json\/wp\/v2\/types\/page"}],"author":[{"embeddable":true,"href":"https:\/\/metallinnung-gt.de\/web\/wp-json\/wp\/v2\/users\/1"}],"replies":[{"embeddable":true,"href":"https:\/\/metallinnung-gt.de\/web\/wp-json\/wp\/v2\/comments?post=28"}],"version-history":[{"count":6,"href":"https:\/\/metallinnung-gt.de\/web\/wp-json\/wp\/v2\/pages\/28\/revisions"}],"predecessor-version":[{"id":888,"href":"https:\/\/metallinnung-gt.de\/web\/wp-json\/wp\/v2\/pages\/28\/revisions\/888"}],"wp:attachment":[{"href":"https:\/\/metallinnung-gt.de\/web\/wp-json\/wp\/v2\/media?parent=28"}],"curies":[{"name":"wp","href":"https:\/\/api.w.org\/{rel}","templated":true}]}}